{"id":2,"date":"2024-06-06T22:40:56","date_gmt":"2024-06-06T22:40:56","guid":{"rendered":"https:\/\/atlan-acs.eu\/?page_id=2"},"modified":"2025-03-29T17:17:25","modified_gmt":"2025-03-29T17:17:25","slug":"atlan","status":"publish","type":"page","link":"https:\/\/atlan-acs.eu\/index.php\/atlan\/","title":{"rendered":"ACS"},"content":{"rendered":"\t\t<div data-elementor-type=\"wp-page\" data-elementor-id=\"2\" class=\"elementor elementor-2\">\n\t\t\t\t<div class=\"elementor-element elementor-element-3af62925 e-flex e-con-boxed e-con e-parent\" data-id=\"3af62925\" data-element_type=\"container\" data-e-type=\"container\">\n\t\t\t\t\t<div class=\"e-con-inner\">\n\t\t\t\t<div class=\"elementor-element elementor-element-55116800 elementor-widget elementor-widget-text-editor\" data-id=\"55116800\" data-element_type=\"widget\" data-e-type=\"widget\" data-widget_type=\"text-editor.default\">\n\t\t\t\t<div class=\"elementor-widget-container\">\n\t\t\t\t\t\t\t\t\t<p>Witam Was serdecznie,<\/p><p>Jeste\u015bmy tw\u00f3rcami tego tokena\u00a0 i zgodnie z prawem i nie koniecznie tym w kodeksie nie musimy si\u0119 ujawnia\u0107, wi\u0119c nie przegap okazji by do nas do\u0142\u0105czy\u0107, mam nadzieje, \u017ce projekt ju\u017c spe\u0142ni\u0142 Wasze oczekiwania, oraz to co odkryjemy wsp\u00f3lnie zaskoczy pozytywnie ka\u017cdego Atlantowicza!<\/p><p>Wiec teraz troch\u0119 fakt\u00f3w o tym tokenie ERC-20, kt\u00f3ry powsta\u0142 16 lutego 2021 roku z my\u015bl\u0105 o tych wszystkich kt\u00f3rych fascynuje tajemniczo\u015b\u0107, unikalny styl wsp\u00f3\u0142pracy i przede wszystkim bezpiecze\u0144stwo w partnerstwie.\u00a0<\/p><p>Projekt ma ograniczon\u0105 liczb\u0119 token\u00f3w, a mianowicie ta ilo\u015b\u0107 r\u00f3wna si\u0119 w statystycznej liczbie ludno\u015bci w Polsce w 2021 roku, wi\u0119c nie przegap okazji by sta\u0107 si\u0119 jednym z nas!<\/p><p>Razem jeste\u015bmy w stanie obali\u0107 wszystkie mity kr\u0105\u017c\u0105ce po tej planecie!!!<\/p><p>Z powa\u017caniem Grupa Atlan ACS!<\/p><p>E-mail: icrypto@atlan-acs.eu<\/p>\t\t\t\t\t\t\t\t<\/div>\n\t\t\t\t<\/div>\n\t\t\t\t\t<\/div>\n\t\t\t\t<\/div>\n\t\t\t\t<\/div>\n\t\t","protected":false},"excerpt":{"rendered":"<p>Witam Was serdecznie, Jeste\u015bmy tw\u00f3rcami tego tokena\u00a0 i zgodnie z prawem i nie koniecznie tym w kodeksie nie musimy si\u0119 ujawnia\u0107, wi\u0119c nie przegap okazji by do nas do\u0142\u0105czy\u0107, mam nadzieje, \u017ce projekt ju\u017c spe\u0142ni\u0142 Wasze oczekiwania, oraz to co odkryjemy wsp\u00f3lnie zaskoczy pozytywnie ka\u017cdego Atlantowicza! Wiec teraz troch\u0119 fakt\u00f3w o tym tokenie ERC-20, kt\u00f3ry [&hellip;]<\/p>\n","protected":false},"author":1,"featured_media":0,"parent":0,"menu_order":0,"comment_status":"closed","ping_status":"closed","template":"","meta":{"footnotes":""},"class_list":["post-2","page","type-page","status-publish","hentry"],"_links":{"self":[{"href":"https:\/\/atlan-acs.eu\/index.php\/wp-json\/wp\/v2\/pages\/2","targetHints":{"allow":["GET"]}}],"collection":[{"href":"https:\/\/atlan-acs.eu\/index.php\/wp-json\/wp\/v2\/pages"}],"about":[{"href":"https:\/\/atlan-acs.eu\/index.php\/wp-json\/wp\/v2\/types\/page"}],"author":[{"embeddable":true,"href":"https:\/\/atlan-acs.eu\/index.php\/wp-json\/wp\/v2\/users\/1"}],"replies":[{"embeddable":true,"href":"https:\/\/atlan-acs.eu\/index.php\/wp-json\/wp\/v2\/comments?post=2"}],"version-history":[{"count":26,"href":"https:\/\/atlan-acs.eu\/index.php\/wp-json\/wp\/v2\/pages\/2\/revisions"}],"predecessor-version":[{"id":140,"href":"https:\/\/atlan-acs.eu\/index.php\/wp-json\/wp\/v2\/pages\/2\/revisions\/140"}],"wp:attachment":[{"href":"https:\/\/atlan-acs.eu\/index.php\/wp-json\/wp\/v2\/media?parent=2"}],"curies":[{"name":"wp","href":"https:\/\/api.w.org\/{rel}","templated":true}]}}